{"id":480,"date":"2021-10-04T14:16:13","date_gmt":"2021-10-04T14:16:13","guid":{"rendered":"https:\/\/www.fk.ee\/?page_id=480"},"modified":"2026-03-26T15:54:10","modified_gmt":"2026-03-26T15:54:10","slug":"about-us","status":"publish","type":"page","link":"https:\/\/www.fk.ee\/en\/about-us\/","title":{"rendered":"About us"},"content":{"rendered":"<p><div class=\"fusion-fullwidth fullwidth-box fusion-builder-row-1 fusion-flex-container nonhundred-percent-fullwidth non-hundred-percent-height-scrolling\" style=\"--awb-border-radius-top-left:0px;--awb-border-radius-top-right:0px;--awb-border-radius-bottom-right:0px;--awb-border-radius-bottom-left:0px;--awb-flex-wrap:wrap;\" ><div class=\"fusion-builder-row fusion-row fusion-flex-align-items-center fusion-flex-justify-content-center fusion-flex-content-wrap\" style=\"max-width:1248px;margin-left: calc(-4% \/ 2 );margin-right: calc(-4% \/ 2 );\"><div class=\"fusion-layout-column fusion_builder_column fusion-builder-column-0 fusion_builder_column_2_3 2_3 fusion-flex-column\" style=\"--awb-bg-size:cover;--awb-width-large:66.666666666667%;--awb-margin-top-large:0px;--awb-spacing-right-large:2.88%;--awb-margin-bottom-large:20px;--awb-spacing-left-large:2.88%;--awb-width-medium:66.666666666667%;--awb-order-medium:0;--awb-spacing-right-medium:2.88%;--awb-spacing-left-medium:2.88%;--awb-width-small:100%;--awb-order-small:0;--awb-spacing-right-small:1.92%;--awb-spacing-left-small:1.92%;\"><div class=\"fusion-column-wrapper fusion-column-has-shadow fusion-flex-justify-content-flex-start fusion-content-layout-column\"><div class=\"fusion-text fusion-text-1\"><p>Finantskonsultant was founded on 16\u00a0August 1999, when we started cooperating with \u00d5igusb\u00fcroo A. M\u00e4gi ja Partnerid. Time demanded a swift response and one transaction led to another. The main activities at that time were accounting services, special audits, and bankruptcy proceedings. Together with the customer\u2019s needs, we have grown over time and started to offer a wide range of financial services.<br \/>\nIn 2017, the services offered by Finantskonsultant included due diligence (DD) and re-organisation of companies.<\/p>\n<p>Reliability, efficiency, and accuracy are keywords that you cannot do without in business. Not to mention loyalty and honesty. We work for the well-being of the customer, providing them with the necessary solutions. The work we do provides us with diverse experience and the opportunity to deal with interesting cases. Several recessions have made us a company that adapts quickly and efficiently to our customer\u2019s needs.<\/p>\n<p>Since 2006, the company\u2019s CEO has been Jelena \u0160t\u0161eberina, who has a Master\u2019s level degree from the Department of Economics and Finance of Tallinn University of Technology and an education in engineering. She is also a key person in the company and a financial expert whose more than 25 years of economic experience help to offer the best accounting system solutions and work with various accounting and ERP programs (SAF, Movex, Baan, Standard Books, HansaWorld, Merit Palk, etc.).<\/p>\n<p>Jelena \u0160t\u0161eberina has provided financial expertise for the courts and worked on various financial and tax due diligence projects. The client portfolio of Finantskonsultant includes Swedbank and Luminor Pank (formerly DnB Nord), the companies Tere AS, Fortaco Estonia O\u00dc, Toila Sanatoorium AS, the law firms Ellex Raidla and Cobalt, trustees in bankruptcy, and various foundations. In addition, we have experience in performing special audits in Russia and the Republic of Latvia.<\/p>\n<\/div><\/div><\/div><div class=\"fusion-layout-column fusion_builder_column fusion-builder-column-1 fusion_builder_column_1_3 1_3 fusion-flex-column\" style=\"--awb-bg-size:cover;--awb-width-large:33.333333333333%;--awb-margin-top-large:0px;--awb-spacing-right-large:5.76%;--awb-margin-bottom-large:20px;--awb-spacing-left-large:5.76%;--awb-width-medium:33.333333333333%;--awb-order-medium:0;--awb-spacing-right-medium:5.76%;--awb-spacing-left-medium:5.76%;--awb-width-small:100%;--awb-order-small:0;--awb-spacing-right-small:1.92%;--awb-spacing-left-small:1.92%;\"><div class=\"fusion-column-wrapper fusion-column-has-shadow fusion-flex-justify-content-flex-start fusion-content-layout-column\"><div class=\"fusion-image-element \" style=\"text-align:center;--awb-caption-title-font-family:var(--h2_typography-font-family);--awb-caption-title-font-weight:var(--h2_typography-font-weight);--awb-caption-title-font-style:var(--h2_typography-font-style);--awb-caption-title-size:var(--h2_typography-font-size);--awb-caption-title-transform:var(--h2_typography-text-transform);--awb-caption-title-line-height:var(--h2_typography-line-height);--awb-caption-title-letter-spacing:var(--h2_typography-letter-spacing);\"><span class=\" fusion-imageframe imageframe-dropshadow imageframe-1 hover-type-none\" style=\"-webkit-box-shadow: 3px 3px 7px rgba(0,44,90,0.3);box-shadow: 3px 3px 7px rgba(0,44,90,0.3);\"><img decoding=\"async\" width=\"400\" height=\"600\" title=\"Jelena-Stseberina\" src=\"https:\/\/www.fk.ee\/wp-content\/uploads\/2021\/05\/Jelena-Stseberina.jpg\" alt class=\"img-responsive wp-image-598\"fetchpriority=\"high\" srcset=\"https:\/\/www.fk.ee\/wp-content\/uploads\/2021\/05\/Jelena-Stseberina-200x300.jpg 200w, https:\/\/www.fk.ee\/wp-content\/uploads\/2021\/05\/Jelena-Stseberina.jpg 400w\" sizes=\"(max-width: 640px) 100vw, 400px\" \/><\/span><\/div><div class=\"fusion-text fusion-text-2\"><h4 style=\"text-align: center;\">Jelena \u0160t\u0161eberina<\/h4>\n<p style=\"text-align: center;\">Partner\/Member of the Management Board<\/p>\n<p style=\"text-align: center;\"><a href=\"tel:+3725224409\">+372 522 4409<\/a><br \/>\n<a href=\"mailto:jelena@fk.ee\">jelena@fk.ee<\/a><\/p>\n<\/div><\/div><\/div><\/div><\/div><div class=\"fusion-fullwidth fullwidth-box fusion-builder-row-2 fusion-flex-container nonhundred-percent-fullwidth non-hundred-percent-height-scrolling\" style=\"--awb-border-radius-top-left:0px;--awb-border-radius-top-right:0px;--awb-border-radius-bottom-right:0px;--awb-border-radius-bottom-left:0px;--awb-flex-wrap:wrap;\" ><div class=\"fusion-builder-row fusion-row fusion-flex-align-items-flex-start fusion-flex-content-wrap\" style=\"max-width:1248px;margin-left: calc(-4% \/ 2 );margin-right: calc(-4% \/ 2 );\"><div class=\"fusion-layout-column fusion_builder_column fusion-builder-column-2 fusion_builder_column_1_1 1_1 fusion-flex-column\" style=\"--awb-bg-size:cover;--awb-width-large:100%;--awb-margin-top-large:0px;--awb-spacing-right-large:1.92%;--awb-margin-bottom-large:20px;--awb-spacing-left-large:1.92%;--awb-width-medium:100%;--awb-order-medium:0;--awb-spacing-right-medium:1.92%;--awb-spacing-left-medium:1.92%;--awb-width-small:100%;--awb-order-small:0;--awb-spacing-right-small:1.92%;--awb-spacing-left-small:1.92%;\"><div class=\"fusion-column-wrapper fusion-column-has-shadow fusion-flex-justify-content-flex-start fusion-content-layout-column\"><div class=\"fusion-title title fusion-title-1 fusion-title-text fusion-title-size-two\" style=\"--awb-margin-top-small:10px;--awb-margin-right-small:0px;--awb-margin-bottom-small:10px;--awb-margin-left-small:0px;\"><div class=\"title-sep-container title-sep-container-left fusion-no-large-visibility fusion-no-medium-visibility fusion-no-small-visibility\"><div class=\"title-sep sep-double sep-solid\" style=\"border-color:#002c5a;\"><\/div><\/div><span class=\"awb-title-spacer fusion-no-large-visibility fusion-no-medium-visibility fusion-no-small-visibility\"><\/span><h2 class=\"fusion-title-heading title-heading-left fusion-responsive-typography-calculated\" style=\"margin:0;--fontSize:36;line-height:1.2;\">Others about us<\/h2><span class=\"awb-title-spacer\"><\/span><div class=\"title-sep-container title-sep-container-right\"><div class=\"title-sep sep-double sep-solid\" style=\"border-color:#002c5a;\"><\/div><\/div><\/div><\/div><\/div><div class=\"fusion-layout-column fusion_builder_column fusion-builder-column-3 fusion_builder_column_1_3 1_3 fusion-flex-column\" style=\"--awb-bg-size:cover;--awb-width-large:33.333333333333%;--awb-margin-top-large:0px;--awb-spacing-right-large:5.76%;--awb-margin-bottom-large:20px;--awb-spacing-left-large:5.76%;--awb-width-medium:33.333333333333%;--awb-order-medium:0;--awb-spacing-right-medium:5.76%;--awb-spacing-left-medium:5.76%;--awb-width-small:100%;--awb-order-small:0;--awb-spacing-right-small:1.92%;--awb-spacing-left-small:1.92%;\"><div class=\"fusion-column-wrapper fusion-column-has-shadow fusion-flex-justify-content-flex-start fusion-content-layout-column\"><div class=\"fusion-text fusion-text-3\"><p><em>We have been partners since 2003. Finantskonsultant has advised us in several fields of life, offering both accounting and other financial services (division of companies, due diligence, etc.), not to mention other support services related to staff and business operations.<\/em><\/p>\n<p><em>When I have a new business idea, I like to consult a financial expert, and this is undeniably what Finantskonsultant O\u00dc is.<\/em><\/p>\n<p><em>I look forward to continued cooperation!<\/em><\/p>\n<p><strong>Sven Karjah\u00e4rm<\/strong><br \/>\n<strong>Member of the Management Board<\/strong><br \/>\n<strong>Rimonne Baltic O\u00dc<\/strong><\/p>\n<\/div><\/div><\/div><div class=\"fusion-layout-column fusion_builder_column fusion-builder-column-4 fusion_builder_column_1_3 1_3 fusion-flex-column\" style=\"--awb-bg-size:cover;--awb-width-large:33.333333333333%;--awb-margin-top-large:0px;--awb-spacing-right-large:5.76%;--awb-margin-bottom-large:20px;--awb-spacing-left-large:5.76%;--awb-width-medium:33.333333333333%;--awb-order-medium:0;--awb-spacing-right-medium:5.76%;--awb-spacing-left-medium:5.76%;--awb-width-small:100%;--awb-order-small:0;--awb-spacing-right-small:1.92%;--awb-spacing-left-small:1.92%;\"><div class=\"fusion-column-wrapper fusion-column-has-shadow fusion-flex-justify-content-flex-start fusion-content-layout-column\"><div class=\"fusion-text fusion-text-4\"><p><em>Ellex Raidla Advokaadib\u00fcroo has had several projects that have used the services of Finantskonsultant, especially in carrying out special audits. It has been a pleasure to work with real professionals in the field. Finantskonsultant has always done its job quickly and at a high professional level, and this has always been a great help to us. I appreciate Jelena \u0160t\u0161eberina\u2019s unwavering commitment to the task and the fact that Jelena has always taken a creative approach to the task at hand, and we have always had a very relevant, bigger picture of the field of interest and the problems involved.<\/em><\/p>\n<p><strong>Sven Papp<br \/>\nPartner | Sworn Advocate<br \/>\nEllex Raidla Advokaadib\u00fcroo O\u00dc<\/strong><\/p>\n<\/div><\/div><\/div><div class=\"fusion-layout-column fusion_builder_column fusion-builder-column-5 fusion_builder_column_1_3 1_3 fusion-flex-column\" style=\"--awb-bg-size:cover;--awb-width-large:33.333333333333%;--awb-margin-top-large:0px;--awb-spacing-right-large:5.76%;--awb-margin-bottom-large:20px;--awb-spacing-left-large:5.76%;--awb-width-medium:33.333333333333%;--awb-order-medium:0;--awb-spacing-right-medium:5.76%;--awb-spacing-left-medium:5.76%;--awb-width-small:100%;--awb-order-small:0;--awb-spacing-right-small:1.92%;--awb-spacing-left-small:1.92%;\"><div class=\"fusion-column-wrapper fusion-column-has-shadow fusion-flex-justify-content-flex-start fusion-content-layout-column\"><div class=\"fusion-text fusion-text-5\"><p><em>While working as a bankruptcy trustee, I have repeatedly used the services and assistance of Finantskonsultant O\u00dc. In particular for special audits and audits of accounts.<br \/>\nThe work done by Finantskonsultant stands out with precision and correctness, they are quick and highly skilled. I know that, even in the most complex and voluminous proceedings, I always receive a competent and thorough document on the audits carried out, which I can also use successfully in court in the event of any disputes.<\/em><\/p>\n<p><strong>Maire Arm<br \/>\nSworn Advocate<br \/>\nMaria M\u00e4gi Advokaadib\u00fcroo O\u00dc<br \/>\n<\/strong><\/p>\n<\/div><\/div><\/div><\/div><\/div><\/p>\n","protected":false},"excerpt":{"rendered":"","protected":false},"author":1,"featured_media":0,"parent":0,"menu_order":0,"comment_status":"closed","ping_status":"closed","template":"","meta":{"footnotes":""},"class_list":["post-480","page","type-page","status-publish","hentry"],"yoast_head":"<!-- This site is optimized with the Yoast SEO plugin v27.2 - https:\/\/yoast.com\/product\/yoast-seo-wordpress\/ -->\n<title>About us - Finantskonsultant<\/title>\n<meta name=\"robots\" content=\"index, follow, max-snippet:-1, max-image-preview:large, max-video-preview:-1\" \/>\n<link rel=\"canonical\" href=\"https:\/\/www.fk.ee\/en\/about-us\/\" \/>\n<meta property=\"og:locale\" content=\"en_US\" \/>\n<meta property=\"og:type\" content=\"article\" \/>\n<meta property=\"og:title\" content=\"About us - Finantskonsultant\" \/>\n<meta property=\"og:url\" content=\"https:\/\/www.fk.ee\/en\/about-us\/\" \/>\n<meta property=\"og:site_name\" content=\"Finantskonsultant\" \/>\n<meta property=\"article:publisher\" content=\"https:\/\/www.facebook.com\/finantskonsultant\" \/>\n<meta property=\"article:modified_time\" content=\"2026-03-26T15:54:10+00:00\" \/>\n<meta name=\"twitter:card\" content=\"summary_large_image\" \/>\n<meta name=\"twitter:label1\" content=\"Est. reading time\" \/>\n\t<meta name=\"twitter:data1\" content=\"4 minutes\" \/>\n<script type=\"application\/ld+json\" class=\"yoast-schema-graph\">{\"@context\":\"https:\/\/schema.org\",\"@graph\":[{\"@type\":\"WebPage\",\"@id\":\"https:\/\/www.fk.ee\/en\/about-us\/\",\"url\":\"https:\/\/www.fk.ee\/en\/about-us\/\",\"name\":\"About us - Finantskonsultant\",\"isPartOf\":{\"@id\":\"https:\/\/www.fk.ee\/#website\"},\"datePublished\":\"2021-10-04T14:16:13+00:00\",\"dateModified\":\"2026-03-26T15:54:10+00:00\",\"breadcrumb\":{\"@id\":\"https:\/\/www.fk.ee\/en\/about-us\/#breadcrumb\"},\"inLanguage\":\"en-US\",\"potentialAction\":[{\"@type\":\"ReadAction\",\"target\":[\"https:\/\/www.fk.ee\/en\/about-us\/\"]}]},{\"@type\":\"BreadcrumbList\",\"@id\":\"https:\/\/www.fk.ee\/en\/about-us\/#breadcrumb\",\"itemListElement\":[{\"@type\":\"ListItem\",\"position\":1,\"name\":\"Home\",\"item\":\"https:\/\/www.fk.ee\/en\/\"},{\"@type\":\"ListItem\",\"position\":2,\"name\":\"About us\"}]},{\"@type\":\"WebSite\",\"@id\":\"https:\/\/www.fk.ee\/#website\",\"url\":\"https:\/\/www.fk.ee\/\",\"name\":\"Finantskonsultant\",\"description\":\"Ettev\u00f5tete finantsjuhtimine, reorganiseerimine, raamatupidamine, erikontrollid,  pankrotimenetlused,  professionaalsed finantsteenused alates 1998 aastast\",\"publisher\":{\"@id\":\"https:\/\/www.fk.ee\/#organization\"},\"potentialAction\":[{\"@type\":\"SearchAction\",\"target\":{\"@type\":\"EntryPoint\",\"urlTemplate\":\"https:\/\/www.fk.ee\/?s={search_term_string}\"},\"query-input\":{\"@type\":\"PropertyValueSpecification\",\"valueRequired\":true,\"valueName\":\"search_term_string\"}}],\"inLanguage\":\"en-US\"},{\"@type\":\"Organization\",\"@id\":\"https:\/\/www.fk.ee\/#organization\",\"name\":\"Finantskonsultant O\u00dc\",\"url\":\"https:\/\/www.fk.ee\/\",\"logo\":{\"@type\":\"ImageObject\",\"inLanguage\":\"en-US\",\"@id\":\"https:\/\/www.fk.ee\/#\/schema\/logo\/image\/\",\"url\":\"https:\/\/www.fk.ee\/wp-content\/uploads\/2021\/04\/finantskonsultant-logo.png\",\"contentUrl\":\"https:\/\/www.fk.ee\/wp-content\/uploads\/2021\/04\/finantskonsultant-logo.png\",\"width\":250,\"height\":30,\"caption\":\"Finantskonsultant O\u00dc\"},\"image\":{\"@id\":\"https:\/\/www.fk.ee\/#\/schema\/logo\/image\/\"},\"sameAs\":[\"https:\/\/www.facebook.com\/finantskonsultant\"]}]}<\/script>\n<!-- \/ Yoast SEO plugin. -->","yoast_head_json":{"title":"About us - Finantskonsultant","robots":{"index":"index","follow":"follow","max-snippet":"max-snippet:-1","max-image-preview":"max-image-preview:large","max-video-preview":"max-video-preview:-1"},"canonical":"https:\/\/www.fk.ee\/en\/about-us\/","og_locale":"en_US","og_type":"article","og_title":"About us - Finantskonsultant","og_url":"https:\/\/www.fk.ee\/en\/about-us\/","og_site_name":"Finantskonsultant","article_publisher":"https:\/\/www.facebook.com\/finantskonsultant","article_modified_time":"2026-03-26T15:54:10+00:00","twitter_card":"summary_large_image","twitter_misc":{"Est. reading time":"4 minutes"},"schema":{"@context":"https:\/\/schema.org","@graph":[{"@type":"WebPage","@id":"https:\/\/www.fk.ee\/en\/about-us\/","url":"https:\/\/www.fk.ee\/en\/about-us\/","name":"About us - Finantskonsultant","isPartOf":{"@id":"https:\/\/www.fk.ee\/#website"},"datePublished":"2021-10-04T14:16:13+00:00","dateModified":"2026-03-26T15:54:10+00:00","breadcrumb":{"@id":"https:\/\/www.fk.ee\/en\/about-us\/#breadcrumb"},"inLanguage":"en-US","potentialAction":[{"@type":"ReadAction","target":["https:\/\/www.fk.ee\/en\/about-us\/"]}]},{"@type":"BreadcrumbList","@id":"https:\/\/www.fk.ee\/en\/about-us\/#breadcrumb","itemListElement":[{"@type":"ListItem","position":1,"name":"Home","item":"https:\/\/www.fk.ee\/en\/"},{"@type":"ListItem","position":2,"name":"About us"}]},{"@type":"WebSite","@id":"https:\/\/www.fk.ee\/#website","url":"https:\/\/www.fk.ee\/","name":"Finantskonsultant","description":"Ettev\u00f5tete finantsjuhtimine, reorganiseerimine, raamatupidamine, erikontrollid,  pankrotimenetlused,  professionaalsed finantsteenused alates 1998 aastast","publisher":{"@id":"https:\/\/www.fk.ee\/#organization"},"potentialAction":[{"@type":"SearchAction","target":{"@type":"EntryPoint","urlTemplate":"https:\/\/www.fk.ee\/?s={search_term_string}"},"query-input":{"@type":"PropertyValueSpecification","valueRequired":true,"valueName":"search_term_string"}}],"inLanguage":"en-US"},{"@type":"Organization","@id":"https:\/\/www.fk.ee\/#organization","name":"Finantskonsultant O\u00dc","url":"https:\/\/www.fk.ee\/","logo":{"@type":"ImageObject","inLanguage":"en-US","@id":"https:\/\/www.fk.ee\/#\/schema\/logo\/image\/","url":"https:\/\/www.fk.ee\/wp-content\/uploads\/2021\/04\/finantskonsultant-logo.png","contentUrl":"https:\/\/www.fk.ee\/wp-content\/uploads\/2021\/04\/finantskonsultant-logo.png","width":250,"height":30,"caption":"Finantskonsultant O\u00dc"},"image":{"@id":"https:\/\/www.fk.ee\/#\/schema\/logo\/image\/"},"sameAs":["https:\/\/www.facebook.com\/finantskonsultant"]}]}},"_links":{"self":[{"href":"https:\/\/www.fk.ee\/en\/wp-json\/wp\/v2\/pages\/480","targetHints":{"allow":["GET"]}}],"collection":[{"href":"https:\/\/www.fk.ee\/en\/wp-json\/wp\/v2\/pages"}],"about":[{"href":"https:\/\/www.fk.ee\/en\/wp-json\/wp\/v2\/types\/page"}],"author":[{"embeddable":true,"href":"https:\/\/www.fk.ee\/en\/wp-json\/wp\/v2\/users\/1"}],"replies":[{"embeddable":true,"href":"https:\/\/www.fk.ee\/en\/wp-json\/wp\/v2\/comments?post=480"}],"version-history":[{"count":3,"href":"https:\/\/www.fk.ee\/en\/wp-json\/wp\/v2\/pages\/480\/revisions"}],"predecessor-version":[{"id":727,"href":"https:\/\/www.fk.ee\/en\/wp-json\/wp\/v2\/pages\/480\/revisions\/727"}],"wp:attachment":[{"href":"https:\/\/www.fk.ee\/en\/wp-json\/wp\/v2\/media?parent=480"}],"curies":[{"name":"wp","href":"https:\/\/api.w.org\/{rel}","templated":true}]}}