{"id":492,"date":"2021-10-05T08:15:37","date_gmt":"2021-10-05T08:15:37","guid":{"rendered":"https:\/\/www.fk.ee\/?page_id=492"},"modified":"2021-10-05T08:15:58","modified_gmt":"2021-10-05T08:15:58","slug":"bankruptcy-proceedings","status":"publish","type":"page","link":"https:\/\/www.fk.ee\/en\/bankruptcy-proceedings\/","title":{"rendered":"Bankruptcy proceedings"},"content":{"rendered":"<div class=\"fusion-fullwidth fullwidth-box fusion-builder-row-1 fusion-flex-container nonhundred-percent-fullwidth non-hundred-percent-height-scrolling\" style=\"--awb-border-radius-top-left:0px;--awb-border-radius-top-right:0px;--awb-border-radius-bottom-right:0px;--awb-border-radius-bottom-left:0px;--awb-flex-wrap:wrap;\" ><div class=\"fusion-builder-row fusion-row fusion-flex-align-items-flex-start fusion-flex-content-wrap\" style=\"max-width:1248px;margin-left: calc(-4% \/ 2 );margin-right: calc(-4% \/ 2 );\"><div class=\"fusion-layout-column fusion_builder_column fusion-builder-column-0 fusion_builder_column_1_1 1_1 fusion-flex-column\" style=\"--awb-bg-size:cover;--awb-width-large:100%;--awb-margin-top-large:0px;--awb-spacing-right-large:1.92%;--awb-margin-bottom-large:20px;--awb-spacing-left-large:1.92%;--awb-width-medium:100%;--awb-order-medium:0;--awb-spacing-right-medium:1.92%;--awb-spacing-left-medium:1.92%;--awb-width-small:100%;--awb-order-small:0;--awb-spacing-right-small:1.92%;--awb-spacing-left-small:1.92%;\"><div class=\"fusion-column-wrapper fusion-column-has-shadow fusion-flex-justify-content-flex-start fusion-content-layout-column\"><div class=\"fusion-text fusion-text-1\"><p>Bankruptcy is the insolvency of a debtor declared by a court order. A debtor who is a legal person is insolvent even if the debtor\u2019s assets do not cover their obligations. Through bankruptcy proceedings, creditors\u2019 claims are satisfied at the expense of the debtor\u2019s assets pursuant to the procedure prescribed by law through the transfer of the debtor\u2019s assets or the reorganisation of the debtor\u2019s company. The assets of a bankrupt company consist of assets that the debtor had at the time of the declaration of the bankruptcy. There are also assets there that are reclaimed and\/or recovered in bankruptcy proceedings.<\/p>\n<p>We deal with all issues related to bankruptcy accounting, from the declaration of bankruptcy to the deletion of the company from the commercial register.<\/p>\n<p>The added value of our work for the bankruptcy trustee in the current bankruptcy accounting service is that the bankruptcy estate is prepared in accordance with the Bankruptcy Act and, therefore, it is much easier for the bankruptcy trustee to report to the court.<\/p>\n<h3>Main bankruptcy accounting services:<\/h3>\n<ul>\n<li>receiving the accounting documents from the former management board;<\/li>\n<li>organising the ongoing bankruptcy accounts on the basis of applicable law (including the Bankruptcy Act) or consulting a former accountant with regard to the accounting specifications of bankruptcy proceedings;<\/li>\n<li>preparing accounts for the Estonian Unemployment Insurance Fund or consulting the former accountant of the company in the preparation of accounts and documents;<\/li>\n<li>preparing bank transfers;<\/li>\n<li>bankruptcy estate accounts;<\/li>\n<li>special audits.<\/li>\n<\/ul>\n<p>The reports prepared by us during the bankruptcy accounting service provide the necessary overview of the bankruptcy proceedings to both the trustee in bankruptcy and the members of the committee. The reports prepared make it easier to report to the court.<\/p>\n<p>In order to determine whether the company had recovery transactions, a special audit of the bankrupt company is carried out. Sometimes trustees in bankruptcy are reluctant to order special audits in bankruptcy proceedings for fear of additional costs. They are also often unconvinced that this additional cost will bring a result. Practice has shown that the end result of our work has been effective for the bankruptcy proceedings, as a number of recovery transaction and debtors have been identified during the special audit, who are obligated to pay additional funds to the bankruptcy estate.<\/p>\n<p>The special audit can also be effectively terminated if the debtor does not provide the trustee in bankruptcy with the correct accounting documents (e.g. they have destroyed them, provided false data, destroyed the accounting program, etc.).<\/p>\n<p>The experience of <strong>Finantskonsultant<\/strong> includes special audits in the following companies during bankruptcy: Eesti Ents\u00fcklopeediakirjastuse AS (in bankruptcy), \u00c4mal\u00e4rd AS (former name S\u00f5najalg AS, in bankruptcy), Ookean RAS (in bankruptcy), AS Balti M\u00f6\u00f6bel Grupp (in bankruptcy), Intopex Chemicals AS (in bankruptcy), Haljala Ehitus AS (in bankruptcy), Eesti S\u00f5ltumatu Televisiooni AS (in bankruptcy), Tellisco AS (in bankruptcy), Kiviter RAS (in bankruptcy), etc.<\/p>\n<\/div><div class=\"fusion-text fusion-text-2\"><h2>Contact us<\/h2>\n<script type=\"text\/javascript\">\n\/* <![CDATA[ *\/\nvar gform;gform||(document.addEventListener(\"gform_main_scripts_loaded\",function(){gform.scriptsLoaded=!0}),document.addEventListener(\"gform\/theme\/scripts_loaded\",function(){gform.themeScriptsLoaded=!0}),window.addEventListener(\"DOMContentLoaded\",function(){gform.domLoaded=!0}),gform={domLoaded:!1,scriptsLoaded:!1,themeScriptsLoaded:!1,isFormEditor:()=>\"function\"==typeof InitializeEditor,callIfLoaded:function(o){return!(!gform.domLoaded||!gform.scriptsLoaded||!gform.themeScriptsLoaded&&!gform.isFormEditor()||(gform.isFormEditor()&&console.warn(\"The use of gform.initializeOnLoaded() is deprecated in the form editor context and will be removed in Gravity Forms 3.1.\"),o(),0))},initializeOnLoaded:function(o){gform.callIfLoaded(o)||(document.addEventListener(\"gform_main_scripts_loaded\",()=>{gform.scriptsLoaded=!0,gform.callIfLoaded(o)}),document.addEventListener(\"gform\/theme\/scripts_loaded\",()=>{gform.themeScriptsLoaded=!0,gform.callIfLoaded(o)}),window.addEventListener(\"DOMContentLoaded\",()=>{gform.domLoaded=!0,gform.callIfLoaded(o)}))},hooks:{action:{},filter:{}},addAction:function(o,r,e,t){gform.addHook(\"action\",o,r,e,t)},addFilter:function(o,r,e,t){gform.addHook(\"filter\",o,r,e,t)},doAction:function(o){gform.doHook(\"action\",o,arguments)},applyFilters:function(o){return gform.doHook(\"filter\",o,arguments)},removeAction:function(o,r){gform.removeHook(\"action\",o,r)},removeFilter:function(o,r,e){gform.removeHook(\"filter\",o,r,e)},addHook:function(o,r,e,t,n){null==gform.hooks[o][r]&&(gform.hooks[o][r]=[]);var d=gform.hooks[o][r];null==n&&(n=r+\"_\"+d.length),gform.hooks[o][r].push({tag:n,callable:e,priority:t=null==t?10:t})},doHook:function(r,o,e){var t;if(e=Array.prototype.slice.call(e,1),null!=gform.hooks[r][o]&&((o=gform.hooks[r][o]).sort(function(o,r){return o.priority-r.priority}),o.forEach(function(o){\"function\"!=typeof(t=o.callable)&&(t=window[t]),\"action\"==r?t.apply(null,e):e[0]=t.apply(null,e)})),\"filter\"==r)return e[0]},removeHook:function(o,r,t,n){var e;null!=gform.hooks[o][r]&&(e=(e=gform.hooks[o][r]).filter(function(o,r,e){return!!(null!=n&&n!=o.tag||null!=t&&t!=o.priority)}),gform.hooks[o][r]=e)}});\n\/* ]]> *\/\n<\/script>\n\n                <div class='gf_browser_gecko gform_wrapper gravity-theme gform-theme--no-framework' data-form-theme='gravity-theme' data-form-index='0' id='gform_wrapper_4' ><div id='gf_4' class='gform_anchor' tabindex='-1'><\/div>\n                        <div class='gform_heading'>\n\t\t\t\t\t\t\t<p class='gform_required_legend'><\/p>\n                        <\/div><form method='post' enctype='multipart\/form-data'  id='gform_4'  action='\/en\/wp-json\/wp\/v2\/pages\/492#gf_4' data-formid='4' novalidate>\n                        <div class='gform-body gform_body'><div id='gform_fields_4' class='gform_fields top_label form_sublabel_below description_below validation_below'><div id=\"field_4_6\" class=\"gfield gfield--type-honeypot gform_validation_container field_sublabel_below gfield--has-description field_description_below field_validation_below gfield_visibility_visible\"  ><label class='gfield_label gform-field-label' for='input_4_6'>X\/Twitter<\/label><div class='ginput_container'><input name='input_6' id='input_4_6' type='text' value='' autocomplete='new-password'\/><\/div><div class='gfield_description' id='gfield_description_4_6'>This field is for validation purposes and should be left unchanged.<\/div><\/div><div id=\"field_4_1\" class=\"gfield gfield--type-text gfield--width-half gfield_contains_required field_sublabel_below gfield--no-description field_description_below field_validation_below gfield_visibility_visible\"  ><label class='gfield_label gform-field-label' for='input_4_1'>Name<span class=\"gfield_required\"><span class=\"gfield_required gfield_required_asterisk\">*<\/span><\/span><\/label><div class='ginput_container ginput_container_text'><input name='input_1' id='input_4_1' type='text' value='' class='large'     aria-required=\"true\" aria-invalid=\"false\"   \/><\/div><\/div><div id=\"field_4_2\" class=\"gfield gfield--type-email gfield--width-half gfield_contains_required field_sublabel_below gfield--no-description field_description_below field_validation_below gfield_visibility_visible\"  ><label class='gfield_label gform-field-label' for='input_4_2'>E-mail<span class=\"gfield_required\"><span class=\"gfield_required gfield_required_asterisk\">*<\/span><\/span><\/label><div class='ginput_container ginput_container_email'>\n                            <input name='input_2' id='input_4_2' type='email' value='' class='large'    aria-required=\"true\" aria-invalid=\"false\"  \/>\n                        <\/div><\/div><div id=\"field_4_3\" class=\"gfield gfield--type-textarea field_sublabel_below gfield--no-description field_description_below field_validation_below gfield_visibility_visible\"  ><label class='gfield_label gform-field-label' for='input_4_3'>Notice<\/label><div class='ginput_container ginput_container_textarea'><textarea name='input_3' id='input_4_3' class='textarea medium'      aria-invalid=\"false\"   rows='10' cols='50'><\/textarea><\/div><\/div><fieldset id=\"field_4_4\" class=\"gfield gfield--type-consent gfield--type-choice gfield_contains_required field_sublabel_below gfield--no-description field_description_below hidden_label field_validation_below gfield_visibility_visible\"  ><legend class='gfield_label gform-field-label gfield_label_before_complex' >Agreement to the Privacy Policy<span class=\"gfield_required\"><span class=\"gfield_required gfield_required_asterisk\">*<\/span><\/span><\/legend><div class='ginput_container ginput_container_consent'><input name='input_4.1' id='input_4_4_1' type='checkbox' value='1'   aria-required=\"true\" aria-invalid=\"false\"   \/> <label class=\"gform-field-label gform-field-label--type-inline gfield_consent_label\" for='input_4_4_1' >I have read and agreed to the <a href=\"https:\/\/www.fk.ee\/en\/privacy-policy\/\" target=\"_blank\">Privacy Policy<\/a><span class=\"gfield_required gfield_required_asterisk\">*<\/span><\/label><input type='hidden' name='input_4.2' value='I have read and agreed to the &lt;a href=&quot;https:\/\/www.fk.ee\/en\/privacy-policy\/&quot; target=&quot;_blank&quot;&gt;Privacy Policy&lt;\/a&gt;' class='gform_hidden' \/><input type='hidden' name='input_4.3' value='4' class='gform_hidden' \/><\/div><\/fieldset><div id=\"field_4_5\" class=\"gfield gfield--type-captcha field_sublabel_below gfield--no-description field_description_below hidden_label field_validation_below gfield_visibility_visible\"  ><label class='gfield_label gform-field-label' for='input_4_5'>CAPTCHA<\/label><div id='input_4_5' class='ginput_container ginput_recaptcha' data-sitekey='6LfWL6AaAAAAAH5zUWsH6RPKZRlV7kyirRpgC7Xb'  data-theme='light' data-tabindex='0'  data-badge=''><\/div><\/div><\/div><\/div>\n        <div class='gform-footer gform_footer top_label'> <input type='submit' id='gform_submit_button_4' class='gform_button button' onclick='gform.submission.handleButtonClick(this);' data-submission-type='submit' value='Submit'  \/> \n            <input type='hidden' class='gform_hidden' name='gform_submission_method' data-js='gform_submission_method_4' value='postback' \/>\n            <input type='hidden' class='gform_hidden' name='gform_theme' data-js='gform_theme_4' id='gform_theme_4' value='gravity-theme' \/>\n            <input type='hidden' class='gform_hidden' name='gform_style_settings' data-js='gform_style_settings_4' id='gform_style_settings_4' value='[]' \/>\n            <input type='hidden' class='gform_hidden' name='is_submit_4' value='1' \/>\n            <input type='hidden' class='gform_hidden' name='gform_submit' value='4' \/>\n            \n            <input type='hidden' class='gform_hidden' name='gform_currency' data-currency='EUR' value='xo2id9FWfBMBsh0clUk8ftXVQ5WlNRywvL\/eNMGe5Vdf\/jQRvHj3KnAc9YYjj+vzXmxBYwvM6WzCGkjMuIryYLSDnkcLifWCnMIgLW6F49Yw2LU=' \/>\n            <input type='hidden' class='gform_hidden' name='gform_unique_id' value='' \/>\n            <input type='hidden' class='gform_hidden' name='state_4' value='WyJ7XCI0LjFcIjpcImRkZDU3NzQ0N2MzMGY0YmZmOTU3MDA5MGRmNzg1YTM1XCIsXCI0LjJcIjpcImQwMTI2OThmYmE3OTg3YjkyOTVkYTQ2MjdkMWZjZmQ5XCIsXCI0LjNcIjpcIjJlZDlkZWMzY2JlZWViNjY1YWM0NDhkNzYwMmVkYjA1XCJ9IiwiNDMxOTZhMTk5MDg1YjJiYmNkNzY2NTFkMTI2ZDAzN2EiXQ==' \/>\n            <input type='hidden' autocomplete='off' class='gform_hidden' name='gform_target_page_number_4' id='gform_target_page_number_4' value='0' \/>\n            <input type='hidden' autocomplete='off' class='gform_hidden' name='gform_source_page_number_4' id='gform_source_page_number_4' value='1' \/>\n            <input type='hidden' name='gform_field_values' value='' \/>\n            \n        <\/div>\n                        <\/form>\n                        <\/div><script type=\"text\/javascript\">\n\/* <![CDATA[ *\/\n gform.initializeOnLoaded( function() {gformInitSpinner( 4, 'https:\/\/www.fk.ee\/wp-content\/plugins\/gravityforms\/images\/spinner.svg', true );jQuery('#gform_ajax_frame_4').on('load',function(){var contents = jQuery(this).contents().find('*').html();var is_postback = contents.indexOf('GF_AJAX_POSTBACK') >= 0;if(!is_postback){return;}var form_content = jQuery(this).contents().find('#gform_wrapper_4');var is_confirmation = jQuery(this).contents().find('#gform_confirmation_wrapper_4').length > 0;var is_redirect = contents.indexOf('gformRedirect(){') >= 0;var is_form = form_content.length > 0 && ! is_redirect && ! is_confirmation;var mt = parseInt(jQuery('html').css('margin-top'), 10) + parseInt(jQuery('body').css('margin-top'), 10) + 100;if(is_form){jQuery('#gform_wrapper_4').html(form_content.html());if(form_content.hasClass('gform_validation_error')){jQuery('#gform_wrapper_4').addClass('gform_validation_error');} else {jQuery('#gform_wrapper_4').removeClass('gform_validation_error');}setTimeout( function() { \/* delay the scroll by 50 milliseconds to fix a bug in chrome *\/ jQuery(document).scrollTop(jQuery('#gform_wrapper_4').offset().top - mt); }, 50 );if(window['gformInitDatepicker']) {gformInitDatepicker();}if(window['gformInitPriceFields']) {gformInitPriceFields();}var current_page = jQuery('#gform_source_page_number_4').val();gformInitSpinner( 4, 'https:\/\/www.fk.ee\/wp-content\/plugins\/gravityforms\/images\/spinner.svg', true );jQuery(document).trigger('gform_page_loaded', [4, current_page]);window['gf_submitting_4'] = false;}else if(!is_redirect){var confirmation_content = jQuery(this).contents().find('.GF_AJAX_POSTBACK').html();if(!confirmation_content){confirmation_content = contents;}jQuery('#gform_wrapper_4').replaceWith(confirmation_content);jQuery(document).scrollTop(jQuery('#gf_4').offset().top - mt);jQuery(document).trigger('gform_confirmation_loaded', [4]);window['gf_submitting_4'] = false;wp.a11y.speak(jQuery('#gform_confirmation_message_4').text());}else{jQuery('#gform_4').append(contents);if(window['gformRedirect']) {gformRedirect();}}jQuery(document).trigger(\"gform_pre_post_render\", [{ formId: \"4\", currentPage: \"current_page\", abort: function() { this.preventDefault(); } }]);        if (event && event.defaultPrevented) {                return;        }        const gformWrapperDiv = document.getElementById( \"gform_wrapper_4\" );        if ( gformWrapperDiv ) {            const visibilitySpan = document.createElement( \"span\" );            visibilitySpan.id = \"gform_visibility_test_4\";            gformWrapperDiv.insertAdjacentElement( \"afterend\", visibilitySpan );        }        const visibilityTestDiv = document.getElementById( \"gform_visibility_test_4\" );        let postRenderFired = false;        function triggerPostRender() {            if ( postRenderFired ) {                return;            }            postRenderFired = true;            gform.core.triggerPostRenderEvents( 4, current_page );            if ( visibilityTestDiv ) {                visibilityTestDiv.parentNode.removeChild( visibilityTestDiv );            }        }        function debounce( func, wait, immediate ) {            var timeout;            return function() {                var context = this, args = arguments;                var later = function() {                    timeout = null;                    if ( !immediate ) func.apply( context, args );                };                var callNow = immediate && !timeout;                clearTimeout( timeout );                timeout = setTimeout( later, wait );                if ( callNow ) func.apply( context, args );            };        }        const debouncedTriggerPostRender = debounce( function() {            triggerPostRender();        }, 200 );        if ( visibilityTestDiv && visibilityTestDiv.offsetParent === null ) {            const observer = new MutationObserver( ( mutations ) => {                mutations.forEach( ( mutation ) => {                    if ( mutation.type === 'attributes' && visibilityTestDiv.offsetParent !== null ) {                        debouncedTriggerPostRender();                        observer.disconnect();                    }                });            });            observer.observe( document.body, {                attributes: true,                childList: false,                subtree: true,                attributeFilter: [ 'style', 'class' ],            });        } else {            triggerPostRender();        }    } );} ); \n\/* ]]> *\/\n<\/script>\n\n<\/div><\/div><\/div><\/div><\/div>\n","protected":false},"excerpt":{"rendered":"","protected":false},"author":1,"featured_media":0,"parent":0,"menu_order":0,"comment_status":"closed","ping_status":"closed","template":"","meta":{"footnotes":""},"class_list":["post-492","page","type-page","status-publish","hentry"],"yoast_head":"<!-- This site is optimized with the Yoast SEO plugin v27.2 - https:\/\/yoast.com\/product\/yoast-seo-wordpress\/ -->\n<title>Bankruptcy proceedings - Finantskonsultant<\/title>\n<meta name=\"robots\" content=\"index, follow, max-snippet:-1, max-image-preview:large, max-video-preview:-1\" \/>\n<link rel=\"canonical\" href=\"https:\/\/www.fk.ee\/en\/bankruptcy-proceedings\/\" \/>\n<meta property=\"og:locale\" content=\"en_US\" \/>\n<meta property=\"og:type\" content=\"article\" \/>\n<meta property=\"og:title\" content=\"Bankruptcy proceedings - Finantskonsultant\" \/>\n<meta property=\"og:url\" content=\"https:\/\/www.fk.ee\/en\/bankruptcy-proceedings\/\" \/>\n<meta property=\"og:site_name\" content=\"Finantskonsultant\" \/>\n<meta property=\"article:publisher\" content=\"https:\/\/www.facebook.com\/finantskonsultant\" \/>\n<meta property=\"article:modified_time\" content=\"2021-10-05T08:15:58+00:00\" \/>\n<meta name=\"twitter:card\" content=\"summary_large_image\" \/>\n<meta name=\"twitter:label1\" content=\"Est. reading time\" \/>\n\t<meta name=\"twitter:data1\" content=\"6 minutes\" \/>\n<script type=\"application\/ld+json\" class=\"yoast-schema-graph\">{\"@context\":\"https:\/\/schema.org\",\"@graph\":[{\"@type\":\"WebPage\",\"@id\":\"https:\/\/www.fk.ee\/en\/bankruptcy-proceedings\/\",\"url\":\"https:\/\/www.fk.ee\/en\/bankruptcy-proceedings\/\",\"name\":\"Bankruptcy proceedings - Finantskonsultant\",\"isPartOf\":{\"@id\":\"https:\/\/www.fk.ee\/#website\"},\"datePublished\":\"2021-10-05T08:15:37+00:00\",\"dateModified\":\"2021-10-05T08:15:58+00:00\",\"breadcrumb\":{\"@id\":\"https:\/\/www.fk.ee\/en\/bankruptcy-proceedings\/#breadcrumb\"},\"inLanguage\":\"en-US\",\"potentialAction\":[{\"@type\":\"ReadAction\",\"target\":[\"https:\/\/www.fk.ee\/en\/bankruptcy-proceedings\/\"]}]},{\"@type\":\"BreadcrumbList\",\"@id\":\"https:\/\/www.fk.ee\/en\/bankruptcy-proceedings\/#breadcrumb\",\"itemListElement\":[{\"@type\":\"ListItem\",\"position\":1,\"name\":\"Home\",\"item\":\"https:\/\/www.fk.ee\/en\/\"},{\"@type\":\"ListItem\",\"position\":2,\"name\":\"Bankruptcy proceedings\"}]},{\"@type\":\"WebSite\",\"@id\":\"https:\/\/www.fk.ee\/#website\",\"url\":\"https:\/\/www.fk.ee\/\",\"name\":\"Finantskonsultant\",\"description\":\"Ettev\u00f5tete finantsjuhtimine, reorganiseerimine, raamatupidamine, erikontrollid,  pankrotimenetlused,  professionaalsed finantsteenused alates 1998 aastast\",\"publisher\":{\"@id\":\"https:\/\/www.fk.ee\/#organization\"},\"potentialAction\":[{\"@type\":\"SearchAction\",\"target\":{\"@type\":\"EntryPoint\",\"urlTemplate\":\"https:\/\/www.fk.ee\/?s={search_term_string}\"},\"query-input\":{\"@type\":\"PropertyValueSpecification\",\"valueRequired\":true,\"valueName\":\"search_term_string\"}}],\"inLanguage\":\"en-US\"},{\"@type\":\"Organization\",\"@id\":\"https:\/\/www.fk.ee\/#organization\",\"name\":\"Finantskonsultant O\u00dc\",\"url\":\"https:\/\/www.fk.ee\/\",\"logo\":{\"@type\":\"ImageObject\",\"inLanguage\":\"en-US\",\"@id\":\"https:\/\/www.fk.ee\/#\/schema\/logo\/image\/\",\"url\":\"https:\/\/www.fk.ee\/wp-content\/uploads\/2021\/04\/finantskonsultant-logo.png\",\"contentUrl\":\"https:\/\/www.fk.ee\/wp-content\/uploads\/2021\/04\/finantskonsultant-logo.png\",\"width\":250,\"height\":30,\"caption\":\"Finantskonsultant O\u00dc\"},\"image\":{\"@id\":\"https:\/\/www.fk.ee\/#\/schema\/logo\/image\/\"},\"sameAs\":[\"https:\/\/www.facebook.com\/finantskonsultant\"]}]}<\/script>\n<!-- \/ Yoast SEO plugin. -->","yoast_head_json":{"title":"Bankruptcy proceedings - Finantskonsultant","robots":{"index":"index","follow":"follow","max-snippet":"max-snippet:-1","max-image-preview":"max-image-preview:large","max-video-preview":"max-video-preview:-1"},"canonical":"https:\/\/www.fk.ee\/en\/bankruptcy-proceedings\/","og_locale":"en_US","og_type":"article","og_title":"Bankruptcy proceedings - Finantskonsultant","og_url":"https:\/\/www.fk.ee\/en\/bankruptcy-proceedings\/","og_site_name":"Finantskonsultant","article_publisher":"https:\/\/www.facebook.com\/finantskonsultant","article_modified_time":"2021-10-05T08:15:58+00:00","twitter_card":"summary_large_image","twitter_misc":{"Est. reading time":"6 minutes"},"schema":{"@context":"https:\/\/schema.org","@graph":[{"@type":"WebPage","@id":"https:\/\/www.fk.ee\/en\/bankruptcy-proceedings\/","url":"https:\/\/www.fk.ee\/en\/bankruptcy-proceedings\/","name":"Bankruptcy proceedings - Finantskonsultant","isPartOf":{"@id":"https:\/\/www.fk.ee\/#website"},"datePublished":"2021-10-05T08:15:37+00:00","dateModified":"2021-10-05T08:15:58+00:00","breadcrumb":{"@id":"https:\/\/www.fk.ee\/en\/bankruptcy-proceedings\/#breadcrumb"},"inLanguage":"en-US","potentialAction":[{"@type":"ReadAction","target":["https:\/\/www.fk.ee\/en\/bankruptcy-proceedings\/"]}]},{"@type":"BreadcrumbList","@id":"https:\/\/www.fk.ee\/en\/bankruptcy-proceedings\/#breadcrumb","itemListElement":[{"@type":"ListItem","position":1,"name":"Home","item":"https:\/\/www.fk.ee\/en\/"},{"@type":"ListItem","position":2,"name":"Bankruptcy proceedings"}]},{"@type":"WebSite","@id":"https:\/\/www.fk.ee\/#website","url":"https:\/\/www.fk.ee\/","name":"Finantskonsultant","description":"Ettev\u00f5tete finantsjuhtimine, reorganiseerimine, raamatupidamine, erikontrollid,  pankrotimenetlused,  professionaalsed finantsteenused alates 1998 aastast","publisher":{"@id":"https:\/\/www.fk.ee\/#organization"},"potentialAction":[{"@type":"SearchAction","target":{"@type":"EntryPoint","urlTemplate":"https:\/\/www.fk.ee\/?s={search_term_string}"},"query-input":{"@type":"PropertyValueSpecification","valueRequired":true,"valueName":"search_term_string"}}],"inLanguage":"en-US"},{"@type":"Organization","@id":"https:\/\/www.fk.ee\/#organization","name":"Finantskonsultant O\u00dc","url":"https:\/\/www.fk.ee\/","logo":{"@type":"ImageObject","inLanguage":"en-US","@id":"https:\/\/www.fk.ee\/#\/schema\/logo\/image\/","url":"https:\/\/www.fk.ee\/wp-content\/uploads\/2021\/04\/finantskonsultant-logo.png","contentUrl":"https:\/\/www.fk.ee\/wp-content\/uploads\/2021\/04\/finantskonsultant-logo.png","width":250,"height":30,"caption":"Finantskonsultant O\u00dc"},"image":{"@id":"https:\/\/www.fk.ee\/#\/schema\/logo\/image\/"},"sameAs":["https:\/\/www.facebook.com\/finantskonsultant"]}]}},"_links":{"self":[{"href":"https:\/\/www.fk.ee\/en\/wp-json\/wp\/v2\/pages\/492","targetHints":{"allow":["GET"]}}],"collection":[{"href":"https:\/\/www.fk.ee\/en\/wp-json\/wp\/v2\/pages"}],"about":[{"href":"https:\/\/www.fk.ee\/en\/wp-json\/wp\/v2\/types\/page"}],"author":[{"embeddable":true,"href":"https:\/\/www.fk.ee\/en\/wp-json\/wp\/v2\/users\/1"}],"replies":[{"embeddable":true,"href":"https:\/\/www.fk.ee\/en\/wp-json\/wp\/v2\/comments?post=492"}],"version-history":[{"count":3,"href":"https:\/\/www.fk.ee\/en\/wp-json\/wp\/v2\/pages\/492\/revisions"}],"predecessor-version":[{"id":495,"href":"https:\/\/www.fk.ee\/en\/wp-json\/wp\/v2\/pages\/492\/revisions\/495"}],"wp:attachment":[{"href":"https:\/\/www.fk.ee\/en\/wp-json\/wp\/v2\/media?parent=492"}],"curies":[{"name":"wp","href":"https:\/\/api.w.org\/{rel}","templated":true}]}}